{"id":1696,"date":"2024-11-21T23:18:05","date_gmt":"2024-11-21T23:18:05","guid":{"rendered":"https:\/\/udcdentalgroup.com\/extracciones-dentales\/"},"modified":"2025-06-12T18:09:48","modified_gmt":"2025-06-12T18:09:48","slug":"extracciones-dentales","status":"publish","type":"page","link":"https:\/\/udcdentalgroup.com\/es\/extracciones-dentales\/","title":{"rendered":"Extracciones dentales"},"content":{"rendered":"\t\t<div data-elementor-type=\"wp-page\" data-elementor-id=\"1696\" class=\"elementor elementor-1696 elementor-590\" data-elementor-post-type=\"page\">\n\t\t\t\t\t\t<section class=\"elementor-section elementor-top-section elementor-element elementor-element-17c2dab3 elementor-section-boxed elementor-section-height-default elementor-section-height-default\" data-id=\"17c2dab3\" data-element_type=\"section\" data-settings=\"{&quot;background_background&quot;:&quot;classic&quot;}\">\n\t\t\t\t\t\t\t<div class=\"elementor-background-overlay\"><\/div>\n\t\t\t\t\t\t\t<div class=\"elementor-container elementor-column-gap-default\">\n\t\t\t\t\t<div class=\"elementor-column elementor-col-100 elementor-top-column elementor-element elementor-element-6700017c\" data-id=\"6700017c\" data-element_type=\"column\">\n\t\t\t<div class=\"elementor-widget-wrap elementor-element-populated\">\n\t\t\t\t\t\t<div class=\"elementor-element elementor-element-4151bd90 elementor-widget-tablet__width-initial elementor-widget elementor-widget-heading\" data-id=\"4151bd90\" data-element_type=\"widget\" data-settings=\"{&quot;_animation&quot;:&quot;none&quot;}\" data-widget_type=\"heading.default\">\n\t\t\t\t<div class=\"elementor-widget-container\">\n\t\t\t\t\t<h1 class=\"elementor-heading-title elementor-size-default\">Extracciones dentales<\/h1>\t\t\t\t<\/div>\n\t\t\t\t<\/div>\n\t\t\t\t<div class=\"elementor-element elementor-element-206d7d90 elementor-widget elementor-widget-heading\" data-id=\"206d7d90\" data-element_type=\"widget\" data-settings=\"{&quot;_animation&quot;:&quot;none&quot;}\" data-widget_type=\"heading.default\">\n\t\t\t\t<div class=\"elementor-widget-container\">\n\t\t\t\t\t<h2 class=\"elementor-heading-title elementor-size-default\">Remoci\u00f3n Eficaz de Dientes Da\u00f1ados o Retenidos<\/h2>\t\t\t\t<\/div>\n\t\t\t\t<\/div>\n\t\t\t\t\t<\/div>\n\t\t<\/div>\n\t\t\t\t\t<\/div>\n\t\t<\/section>\n\t\t\t\t<section class=\"elementor-section elementor-top-section elementor-element elementor-element-4115d398 elementor-section-boxed elementor-section-height-default elementor-section-height-default\" data-id=\"4115d398\" data-element_type=\"section\">\n\t\t\t\t\t\t<div class=\"elementor-container elementor-column-gap-default\">\n\t\t\t\t\t<div class=\"elementor-column elementor-col-33 elementor-top-column elementor-element elementor-element-72786e67\" data-id=\"72786e67\" data-element_type=\"column\">\n\t\t\t<div class=\"elementor-widget-wrap elementor-element-populated\">\n\t\t\t\t\t\t<div class=\"elementor-element elementor-element-4cfaf1c2 elementor-widget elementor-widget-text-editor\" data-id=\"4cfaf1c2\" data-element_type=\"widget\" data-widget_type=\"text-editor.default\">\n\t\t\t\t<div class=\"elementor-widget-container\">\n\t\t\t\t\t\t\t\t\t<p>Las extracciones a veces son necesarias para proteger tu salud bucal. En <strong>UDC Dental Center<\/strong> removemos dientes severamente deteriorados, fracturados o retenidos para evitar complicaciones futuras. Ya sea por infecci\u00f3n, necesidades ortod\u00f3nticas o molestias, nuestro equipo especializado garantiza una experiencia segura y cuidadosa.<\/p>\t\t\t\t\t\t\t\t<\/div>\n\t\t\t\t<\/div>\n\t\t\t\t<div class=\"elementor-element elementor-element-119012d4 elementor-widget elementor-widget-heading\" data-id=\"119012d4\" data-element_type=\"widget\" data-widget_type=\"heading.default\">\n\t\t\t\t<div class=\"elementor-widget-container\">\n\t\t\t\t\t<h2 class=\"elementor-heading-title elementor-size-default\">Remoci\u00f3n de Dientes Problem\u00e1ticos<\/h2>\t\t\t\t<\/div>\n\t\t\t\t<\/div>\n\t\t\t\t<div class=\"elementor-element elementor-element-236dc9c elementor-widget elementor-widget-heading\" data-id=\"236dc9c\" data-element_type=\"widget\" data-settings=\"{&quot;_animation&quot;:&quot;none&quot;}\" data-widget_type=\"heading.default\">\n\t\t\t\t<div class=\"elementor-widget-container\">\n\t\t\t\t\t<h3 class=\"elementor-heading-title elementor-size-default\">\u00bfCu\u00e1ndo Son Necesarias las Extracciones?<\/h3>\t\t\t\t<\/div>\n\t\t\t\t<\/div>\n\t\t\t\t<div class=\"elementor-element elementor-element-e667936 elementor-widget elementor-widget-text-editor\" data-id=\"e667936\" data-element_type=\"widget\" data-widget_type=\"text-editor.default\">\n\t\t\t\t<div class=\"elementor-widget-container\">\n\t\t\t\t\t\t\t\t\t<p>Las extracciones pueden ser requeridas en los siguientes casos:<\/p><ul><li>Dientes severamente cariados o da\u00f1ados<\/li><li>Dientes retenidos o mal posicionados<\/li><li>Molestias relacionadas con tratamientos de ortodoncia<\/li><\/ul><p><br>Despu\u00e9s de una extracci\u00f3n, recomendamos reemplazar los dientes perdidos con implantes dentales para restaurar tanto la apariencia como la funcionalidad de tu sonrisa.<\/p>\t\t\t\t\t\t\t\t<\/div>\n\t\t\t\t<\/div>\n\t\t\t\t<div class=\"elementor-element elementor-element-9c555b4 elementor-tablet-align-left elementor-align-left elementor-mobile-align-center elementor-widget elementor-widget-button\" data-id=\"9c555b4\" data-element_type=\"widget\" data-widget_type=\"button.default\">\n\t\t\t\t<div class=\"elementor-widget-container\">\n\t\t\t\t\t\t\t\t\t<div class=\"elementor-button-wrapper\">\n\t\t\t\t\t<a class=\"elementor-button elementor-button-link elementor-size-sm\" href=\"https:\/\/udcdentalgroup.com\/es\/contacto\/\">\n\t\t\t\t\t\t<span class=\"elementor-button-content-wrapper\">\n\t\t\t\t\t\t\t\t\t<span class=\"elementor-button-text\">Agendar Visita Hoy<\/span>\n\t\t\t\t\t<\/span>\n\t\t\t\t\t<\/a>\n\t\t\t\t<\/div>\n\t\t\t\t\t\t\t\t<\/div>\n\t\t\t\t<\/div>\n\t\t\t\t<div class=\"elementor-element elementor-element-4771553d elementor-widget elementor-widget-image\" data-id=\"4771553d\" data-element_type=\"widget\" data-widget_type=\"image.default\">\n\t\t\t\t<div class=\"elementor-widget-container\">\n\t\t\t\t\t\t\t\t\t\t\t\t\t\t\t<img fetchpriority=\"high\" decoding=\"async\" width=\"1920\" height=\"768\" src=\"https:\/\/udcdentalgroup.com\/wp-content\/uploads\/2025\/01\/Laboratorio-3D-1.jpg\" class=\"attachment-full size-full wp-image-1617\" alt=\"\" srcset=\"https:\/\/udcdentalgroup.com\/wp-content\/uploads\/2025\/01\/Laboratorio-3D-1.jpg 1920w, https:\/\/udcdentalgroup.com\/wp-content\/uploads\/2025\/01\/Laboratorio-3D-1-300x120.jpg 300w, https:\/\/udcdentalgroup.com\/wp-content\/uploads\/2025\/01\/Laboratorio-3D-1-1024x410.jpg 1024w, https:\/\/udcdentalgroup.com\/wp-content\/uploads\/2025\/01\/Laboratorio-3D-1-768x307.jpg 768w, https:\/\/udcdentalgroup.com\/wp-content\/uploads\/2025\/01\/Laboratorio-3D-1-1536x614.jpg 1536w\" sizes=\"(max-width: 1920px) 100vw, 1920px\" \/>\t\t\t\t\t\t\t\t\t\t\t\t\t\t\t<\/div>\n\t\t\t\t<\/div>\n\t\t\t\t\t<\/div>\n\t\t<\/div>\n\t\t\t\t<div class=\"elementor-column elementor-col-33 elementor-top-column elementor-element elementor-element-18f3d62\" data-id=\"18f3d62\" data-element_type=\"column\">\n\t\t\t<div class=\"elementor-widget-wrap elementor-element-populated\">\n\t\t\t\t\t\t<section class=\"elementor-section elementor-inner-section elementor-element elementor-element-3eab7397 elementor-section-boxed elementor-section-height-default elementor-section-height-default elementor-invisible\" data-id=\"3eab7397\" data-element_type=\"section\" data-settings=\"{&quot;animation&quot;:&quot;fadeInDown&quot;}\">\n\t\t\t\t\t\t<div class=\"elementor-container elementor-column-gap-default\">\n\t\t\t\t\t<div class=\"elementor-column elementor-col-100 elementor-inner-column elementor-element elementor-element-45025538\" data-id=\"45025538\" data-element_type=\"column\">\n\t\t\t<div class=\"elementor-widget-wrap elementor-element-populated\">\n\t\t\t\t\t\t<div class=\"elementor-element elementor-element-3005bc27 elementor-widget elementor-widget-heading\" data-id=\"3005bc27\" data-element_type=\"widget\" data-settings=\"{&quot;_animation&quot;:&quot;none&quot;}\" data-widget_type=\"heading.default\">\n\t\t\t\t<div class=\"elementor-widget-container\">\n\t\t\t\t\t<h2 class=\"elementor-heading-title elementor-size-default\">Otros servicios<\/h2>\t\t\t\t<\/div>\n\t\t\t\t<\/div>\n\t\t\t\t<div class=\"elementor-element elementor-element-6f5410eb elementor-icon-list--layout-traditional elementor-list-item-link-full_width elementor-widget elementor-widget-icon-list\" data-id=\"6f5410eb\" data-element_type=\"widget\" data-widget_type=\"icon-list.default\">\n\t\t\t\t<div class=\"elementor-widget-container\">\n\t\t\t\t\t\t\t<ul class=\"elementor-icon-list-items\">\n\t\t\t\t\t\t\t<li class=\"elementor-icon-list-item\">\n\t\t\t\t\t\t\t\t\t\t\t<a href=\"https:\/\/udcdentalgroup.com\/advanced-dental-technology\/\">\n\n\t\t\t\t\t\t\t\t\t\t\t\t<span class=\"elementor-icon-list-icon\">\n\t\t\t\t\t\t\t<i aria-hidden=\"true\" class=\"mdi mdi-chevron-double-right\"><\/i>\t\t\t\t\t\t<\/span>\n\t\t\t\t\t\t\t\t\t\t<span class=\"elementor-icon-list-text\">Tecnolog\u00eda Dental Avanzada<\/span>\n\t\t\t\t\t\t\t\t\t\t\t<\/a>\n\t\t\t\t\t\t\t\t\t<\/li>\n\t\t\t\t\t\t\t\t<li class=\"elementor-icon-list-item\">\n\t\t\t\t\t\t\t\t\t\t\t<a href=\"https:\/\/udcdentalgroup.com\/preventive-care\/\">\n\n\t\t\t\t\t\t\t\t\t\t\t\t<span class=\"elementor-icon-list-icon\">\n\t\t\t\t\t\t\t<i aria-hidden=\"true\" class=\"mdi mdi-chevron-double-right\"><\/i>\t\t\t\t\t\t<\/span>\n\t\t\t\t\t\t\t\t\t\t<span class=\"elementor-icon-list-text\">Cuidado Preventivo<\/span>\n\t\t\t\t\t\t\t\t\t\t\t<\/a>\n\t\t\t\t\t\t\t\t\t<\/li>\n\t\t\t\t\t\t\t\t<li class=\"elementor-icon-list-item\">\n\t\t\t\t\t\t\t\t\t\t\t<a href=\"https:\/\/udcdentalgroup.com\/dental-implants\/\">\n\n\t\t\t\t\t\t\t\t\t\t\t\t<span class=\"elementor-icon-list-icon\">\n\t\t\t\t\t\t\t<i aria-hidden=\"true\" class=\"mdi mdi-chevron-double-right\"><\/i>\t\t\t\t\t\t<\/span>\n\t\t\t\t\t\t\t\t\t\t<span class=\"elementor-icon-list-text\">Implantes Dentales<\/span>\n\t\t\t\t\t\t\t\t\t\t\t<\/a>\n\t\t\t\t\t\t\t\t\t<\/li>\n\t\t\t\t\t\t\t\t<li class=\"elementor-icon-list-item\">\n\t\t\t\t\t\t\t\t\t\t\t<a href=\"https:\/\/udcdentalgroup.com\/restorative-dentistry\/\">\n\n\t\t\t\t\t\t\t\t\t\t\t\t<span class=\"elementor-icon-list-icon\">\n\t\t\t\t\t\t\t<i aria-hidden=\"true\" class=\"mdi mdi-chevron-double-right\"><\/i>\t\t\t\t\t\t<\/span>\n\t\t\t\t\t\t\t\t\t\t<span class=\"elementor-icon-list-text\">Odontolog\u00eda Restaurativa<\/span>\n\t\t\t\t\t\t\t\t\t\t\t<\/a>\n\t\t\t\t\t\t\t\t\t<\/li>\n\t\t\t\t\t\t\t\t<li class=\"elementor-icon-list-item\">\n\t\t\t\t\t\t\t\t\t\t\t<a href=\"https:\/\/udcdentalgroup.com\/cosmetic-dentistry-and-aesthetics\/\">\n\n\t\t\t\t\t\t\t\t\t\t\t\t<span class=\"elementor-icon-list-icon\">\n\t\t\t\t\t\t\t<i aria-hidden=\"true\" class=\"mdi mdi-chevron-double-right\"><\/i>\t\t\t\t\t\t<\/span>\n\t\t\t\t\t\t\t\t\t\t<span class=\"elementor-icon-list-text\">Odontolog\u00eda cosm\u00e9tica y est\u00e9tica<\/span>\n\t\t\t\t\t\t\t\t\t\t\t<\/a>\n\t\t\t\t\t\t\t\t\t<\/li>\n\t\t\t\t\t\t\t\t<li class=\"elementor-icon-list-item\">\n\t\t\t\t\t\t\t\t\t\t\t<a href=\"https:\/\/udcdentalgroup.com\/orthodontics-and-correction\/\">\n\n\t\t\t\t\t\t\t\t\t\t\t\t<span class=\"elementor-icon-list-icon\">\n\t\t\t\t\t\t\t<i aria-hidden=\"true\" class=\"mdi mdi-chevron-double-right\"><\/i>\t\t\t\t\t\t<\/span>\n\t\t\t\t\t\t\t\t\t\t<span class=\"elementor-icon-list-text\">Ortodoncia y correcci\u00f3n<\/span>\n\t\t\t\t\t\t\t\t\t\t\t<\/a>\n\t\t\t\t\t\t\t\t\t<\/li>\n\t\t\t\t\t\t<\/ul>\n\t\t\t\t\t\t<\/div>\n\t\t\t\t<\/div>\n\t\t\t\t\t<\/div>\n\t\t<\/div>\n\t\t\t\t\t<\/div>\n\t\t<\/section>\n\t\t\t\t<div class=\"elementor-element elementor-element-682d0ab elementor-tablet-align-center elementor-align-justify elementor-hidden-tablet elementor-widget elementor-widget-button\" data-id=\"682d0ab\" data-element_type=\"widget\" data-widget_type=\"button.default\">\n\t\t\t\t<div class=\"elementor-widget-container\">\n\t\t\t\t\t\t\t\t\t<div class=\"elementor-button-wrapper\">\n\t\t\t\t\t<a class=\"elementor-button elementor-button-link elementor-size-sm\" href=\"https:\/\/udcdentalgroup.com\/es\/contacto\/\">\n\t\t\t\t\t\t<span class=\"elementor-button-content-wrapper\">\n\t\t\t\t\t\t\t\t\t<span class=\"elementor-button-text\">Agendar Visita Hoy<\/span>\n\t\t\t\t\t<\/span>\n\t\t\t\t\t<\/a>\n\t\t\t\t<\/div>\n\t\t\t\t\t\t\t\t<\/div>\n\t\t\t\t<\/div>\n\t\t\t\t<div class=\"elementor-element elementor-element-52353b7b elementor-hidden-tablet elementor-widget-divider--view-line elementor-widget elementor-widget-divider\" data-id=\"52353b7b\" data-element_type=\"widget\" data-widget_type=\"divider.default\">\n\t\t\t\t<div class=\"elementor-widget-container\">\n\t\t\t\t\t\t\t<div class=\"elementor-divider\">\n\t\t\t<span class=\"elementor-divider-separator\">\n\t\t\t\t\t\t<\/span>\n\t\t<\/div>\n\t\t\t\t\t\t<\/div>\n\t\t\t\t<\/div>\n\t\t\t\t<div class=\"elementor-element elementor-element-589c444d elementor-position-inline-start elementor-mobile-position-inline-start elementor-view-stacked elementor-shape-square elementor-widget-tablet__width-auto elementor-hidden-tablet elementor-widget elementor-widget-icon-box\" data-id=\"589c444d\" data-element_type=\"widget\" data-widget_type=\"icon-box.default\">\n\t\t\t\t<div class=\"elementor-widget-container\">\n\t\t\t\t\t\t\t<div class=\"elementor-icon-box-wrapper\">\n\n\t\t\t\t\t\t<div class=\"elementor-icon-box-icon\">\n\t\t\t\t<span  class=\"elementor-icon\">\n\t\t\t\t<i aria-hidden=\"true\" class=\"lnr lnr-phone-handset\"><\/i>\t\t\t\t<\/span>\n\t\t\t<\/div>\n\t\t\t\n\t\t\t\t\t\t<div class=\"elementor-icon-box-content\">\n\n\t\t\t\t\t\t\t\t\t<div class=\"elementor-icon-box-title\">\n\t\t\t\t\t\t<span  >\n\t\t\t\t\t\t\tCont\u00e1ctenos\t\t\t\t\t\t<\/span>\n\t\t\t\t\t<\/div>\n\t\t\t\t\n\t\t\t\t\t\t\t\t\t<p class=\"elementor-icon-box-description\">\n\t\t\t\t\t\t+1 415 400 5115\t\t\t\t\t<\/p>\n\t\t\t\t\n\t\t\t<\/div>\n\t\t\t\n\t\t<\/div>\n\t\t\t\t\t\t<\/div>\n\t\t\t\t<\/div>\n\t\t\t\t\t<\/div>\n\t\t<\/div>\n\t\t\t\t<div class=\"elementor-column elementor-col-33 elementor-top-column elementor-element elementor-element-151c60f elementor-hidden-desktop elementor-hidden-mobile\" data-id=\"151c60f\" data-element_type=\"column\">\n\t\t\t<div class=\"elementor-widget-wrap elementor-element-populated\">\n\t\t\t\t\t\t<div class=\"elementor-element elementor-element-0b5b730 elementor-position-inline-start elementor-mobile-position-inline-start elementor-view-stacked elementor-shape-square elementor-widget-tablet__width-auto elementor-widget elementor-widget-icon-box\" data-id=\"0b5b730\" data-element_type=\"widget\" data-widget_type=\"icon-box.default\">\n\t\t\t\t<div class=\"elementor-widget-container\">\n\t\t\t\t\t\t\t<div class=\"elementor-icon-box-wrapper\">\n\n\t\t\t\t\t\t<div class=\"elementor-icon-box-icon\">\n\t\t\t\t<span  class=\"elementor-icon\">\n\t\t\t\t<i aria-hidden=\"true\" class=\"lnr lnr-phone-handset\"><\/i>\t\t\t\t<\/span>\n\t\t\t<\/div>\n\t\t\t\n\t\t\t\t\t\t<div class=\"elementor-icon-box-content\">\n\n\t\t\t\t\t\t\t\t\t<div class=\"elementor-icon-box-title\">\n\t\t\t\t\t\t<span  >\n\t\t\t\t\t\t\tCont\u00e1ctenos\t\t\t\t\t\t<\/span>\n\t\t\t\t\t<\/div>\n\t\t\t\t\n\t\t\t\t\t\t\t\t\t<p class=\"elementor-icon-box-description\">\n\t\t\t\t\t\t+1 415 400 5115\t\t\t\t\t<\/p>\n\t\t\t\t\n\t\t\t<\/div>\n\t\t\t\n\t\t<\/div>\n\t\t\t\t\t\t<\/div>\n\t\t\t\t<\/div>\n\t\t\t\t<div class=\"elementor-element elementor-element-6e30ed5 elementor-widget-divider--view-line elementor-widget elementor-widget-divider\" data-id=\"6e30ed5\" data-element_type=\"widget\" data-widget_type=\"divider.default\">\n\t\t\t\t<div class=\"elementor-widget-container\">\n\t\t\t\t\t\t\t<div class=\"elementor-divider\">\n\t\t\t<span class=\"elementor-divider-separator\">\n\t\t\t\t\t\t<\/span>\n\t\t<\/div>\n\t\t\t\t\t\t<\/div>\n\t\t\t\t<\/div>\n\t\t\t\t<div class=\"elementor-element elementor-element-370e621 elementor-tablet-align-center elementor-align-center elementor-widget elementor-widget-button\" data-id=\"370e621\" data-element_type=\"widget\" data-widget_type=\"button.default\">\n\t\t\t\t<div class=\"elementor-widget-container\">\n\t\t\t\t\t\t\t\t\t<div class=\"elementor-button-wrapper\">\n\t\t\t\t\t<a class=\"elementor-button elementor-button-link elementor-size-sm\" href=\"https:\/\/udcdentalgroup.com\/es\/contacto\/\">\n\t\t\t\t\t\t<span class=\"elementor-button-content-wrapper\">\n\t\t\t\t\t\t\t\t\t<span class=\"elementor-button-text\">Agendar Visita Hoy<\/span>\n\t\t\t\t\t<\/span>\n\t\t\t\t\t<\/a>\n\t\t\t\t<\/div>\n\t\t\t\t\t\t\t\t<\/div>\n\t\t\t\t<\/div>\n\t\t\t\t\t<\/div>\n\t\t<\/div>\n\t\t\t\t\t<\/div>\n\t\t<\/section>\n\t\t\t\t<\/div>\n\t\t","protected":false},"excerpt":{"rendered":"<p>Extracciones dentales Remoci\u00f3n Eficaz de Dientes Da\u00f1ados o Retenidos Las extracciones a veces son necesarias para proteger tu salud bucal. En UDC Dental Center removemos dientes severamente deteriorados, fracturados o retenidos para evitar complicaciones futuras. Ya sea por infecci\u00f3n, necesidades ortod\u00f3nticas o molestias, nuestro equipo especializado garantiza una experiencia segura y cuidadosa. Remoci\u00f3n de Dientes [&hellip;]<\/p>\n","protected":false},"author":1,"featured_media":0,"parent":0,"menu_order":0,"comment_status":"closed","ping_status":"closed","template":"elementor_header_footer","meta":{"footnotes":""},"class_list":["post-1696","page","type-page","status-publish","hentry"],"yoast_head":"<!-- This site is optimized with the Yoast SEO plugin v26.7 - https:\/\/yoast.com\/wordpress\/plugins\/seo\/ -->\n<title>Extracciones dentales - UDC Dental Center<\/title>\n<meta name=\"robots\" content=\"index, follow, max-snippet:-1, max-image-preview:large, max-video-preview:-1\" \/>\n<link rel=\"canonical\" href=\"https:\/\/udcdentalgroup.com\/es\/extracciones-dentales\/\" \/>\n<meta property=\"og:locale\" content=\"es_ES\" \/>\n<meta property=\"og:type\" content=\"article\" \/>\n<meta property=\"og:title\" content=\"Extracciones dentales - UDC Dental Center\" \/>\n<meta property=\"og:description\" content=\"Extracciones dentales Remoci\u00f3n Eficaz de Dientes Da\u00f1ados o Retenidos Las extracciones a veces son necesarias para proteger tu salud bucal. En UDC Dental Center removemos dientes severamente deteriorados, fracturados o retenidos para evitar complicaciones futuras. Ya sea por infecci\u00f3n, necesidades ortod\u00f3nticas o molestias, nuestro equipo especializado garantiza una experiencia segura y cuidadosa. Remoci\u00f3n de Dientes [&hellip;]\" \/>\n<meta property=\"og:url\" content=\"https:\/\/udcdentalgroup.com\/es\/extracciones-dentales\/\" \/>\n<meta property=\"og:site_name\" content=\"UDC Dental Center\" \/>\n<meta property=\"article:modified_time\" content=\"2025-06-12T18:09:48+00:00\" \/>\n<meta property=\"og:image\" content=\"https:\/\/udcdentalgroup.com\/wp-content\/uploads\/2025\/01\/Laboratorio-3D-1.jpg\" \/>\n\t<meta property=\"og:image:width\" content=\"1920\" \/>\n\t<meta property=\"og:image:height\" content=\"768\" \/>\n\t<meta property=\"og:image:type\" content=\"image\/jpeg\" \/>\n<meta name=\"twitter:card\" content=\"summary_large_image\" \/>\n<meta name=\"twitter:label1\" content=\"Tiempo de lectura\" \/>\n\t<meta name=\"twitter:data1\" content=\"1 minuto\" \/>\n<script type=\"application\/ld+json\" class=\"yoast-schema-graph\">{\"@context\":\"https:\/\/schema.org\",\"@graph\":[{\"@type\":\"WebPage\",\"@id\":\"https:\/\/udcdentalgroup.com\/es\/extracciones-dentales\/\",\"url\":\"https:\/\/udcdentalgroup.com\/es\/extracciones-dentales\/\",\"name\":\"Extracciones dentales - UDC Dental Center\",\"isPartOf\":{\"@id\":\"https:\/\/udcdentalgroup.com\/es\/#website\"},\"primaryImageOfPage\":{\"@id\":\"https:\/\/udcdentalgroup.com\/es\/extracciones-dentales\/#primaryimage\"},\"image\":{\"@id\":\"https:\/\/udcdentalgroup.com\/es\/extracciones-dentales\/#primaryimage\"},\"thumbnailUrl\":\"https:\/\/udcdentalgroup.com\/wp-content\/uploads\/2025\/01\/Laboratorio-3D-1.jpg\",\"datePublished\":\"2024-11-21T23:18:05+00:00\",\"dateModified\":\"2025-06-12T18:09:48+00:00\",\"breadcrumb\":{\"@id\":\"https:\/\/udcdentalgroup.com\/es\/extracciones-dentales\/#breadcrumb\"},\"inLanguage\":\"es\",\"potentialAction\":[{\"@type\":\"ReadAction\",\"target\":[\"https:\/\/udcdentalgroup.com\/es\/extracciones-dentales\/\"]}]},{\"@type\":\"ImageObject\",\"inLanguage\":\"es\",\"@id\":\"https:\/\/udcdentalgroup.com\/es\/extracciones-dentales\/#primaryimage\",\"url\":\"https:\/\/udcdentalgroup.com\/wp-content\/uploads\/2025\/01\/Laboratorio-3D-1.jpg\",\"contentUrl\":\"https:\/\/udcdentalgroup.com\/wp-content\/uploads\/2025\/01\/Laboratorio-3D-1.jpg\"},{\"@type\":\"BreadcrumbList\",\"@id\":\"https:\/\/udcdentalgroup.com\/es\/extracciones-dentales\/#breadcrumb\",\"itemListElement\":[{\"@type\":\"ListItem\",\"position\":1,\"name\":\"Home\",\"item\":\"https:\/\/udcdentalgroup.com\/es\/\"},{\"@type\":\"ListItem\",\"position\":2,\"name\":\"Extracciones dentales\"}]},{\"@type\":\"WebSite\",\"@id\":\"https:\/\/udcdentalgroup.com\/es\/#website\",\"url\":\"https:\/\/udcdentalgroup.com\/es\/\",\"name\":\"UDC Dental Center\",\"description\":\"San Francisco\",\"potentialAction\":[{\"@type\":\"SearchAction\",\"target\":{\"@type\":\"EntryPoint\",\"urlTemplate\":\"https:\/\/udcdentalgroup.com\/es\/?s={search_term_string}\"},\"query-input\":{\"@type\":\"PropertyValueSpecification\",\"valueRequired\":true,\"valueName\":\"search_term_string\"}}],\"inLanguage\":\"es\"}]}<\/script>\n<!-- \/ Yoast SEO plugin. -->","yoast_head_json":{"title":"Extracciones dentales - UDC Dental Center","robots":{"index":"index","follow":"follow","max-snippet":"max-snippet:-1","max-image-preview":"max-image-preview:large","max-video-preview":"max-video-preview:-1"},"canonical":"https:\/\/udcdentalgroup.com\/es\/extracciones-dentales\/","og_locale":"es_ES","og_type":"article","og_title":"Extracciones dentales - UDC Dental Center","og_description":"Extracciones dentales Remoci\u00f3n Eficaz de Dientes Da\u00f1ados o Retenidos Las extracciones a veces son necesarias para proteger tu salud bucal. En UDC Dental Center removemos dientes severamente deteriorados, fracturados o retenidos para evitar complicaciones futuras. Ya sea por infecci\u00f3n, necesidades ortod\u00f3nticas o molestias, nuestro equipo especializado garantiza una experiencia segura y cuidadosa. Remoci\u00f3n de Dientes [&hellip;]","og_url":"https:\/\/udcdentalgroup.com\/es\/extracciones-dentales\/","og_site_name":"UDC Dental Center","article_modified_time":"2025-06-12T18:09:48+00:00","og_image":[{"width":1920,"height":768,"url":"https:\/\/udcdentalgroup.com\/wp-content\/uploads\/2025\/01\/Laboratorio-3D-1.jpg","type":"image\/jpeg"}],"twitter_card":"summary_large_image","twitter_misc":{"Tiempo de lectura":"1 minuto"},"schema":{"@context":"https:\/\/schema.org","@graph":[{"@type":"WebPage","@id":"https:\/\/udcdentalgroup.com\/es\/extracciones-dentales\/","url":"https:\/\/udcdentalgroup.com\/es\/extracciones-dentales\/","name":"Extracciones dentales - UDC Dental Center","isPartOf":{"@id":"https:\/\/udcdentalgroup.com\/es\/#website"},"primaryImageOfPage":{"@id":"https:\/\/udcdentalgroup.com\/es\/extracciones-dentales\/#primaryimage"},"image":{"@id":"https:\/\/udcdentalgroup.com\/es\/extracciones-dentales\/#primaryimage"},"thumbnailUrl":"https:\/\/udcdentalgroup.com\/wp-content\/uploads\/2025\/01\/Laboratorio-3D-1.jpg","datePublished":"2024-11-21T23:18:05+00:00","dateModified":"2025-06-12T18:09:48+00:00","breadcrumb":{"@id":"https:\/\/udcdentalgroup.com\/es\/extracciones-dentales\/#breadcrumb"},"inLanguage":"es","potentialAction":[{"@type":"ReadAction","target":["https:\/\/udcdentalgroup.com\/es\/extracciones-dentales\/"]}]},{"@type":"ImageObject","inLanguage":"es","@id":"https:\/\/udcdentalgroup.com\/es\/extracciones-dentales\/#primaryimage","url":"https:\/\/udcdentalgroup.com\/wp-content\/uploads\/2025\/01\/Laboratorio-3D-1.jpg","contentUrl":"https:\/\/udcdentalgroup.com\/wp-content\/uploads\/2025\/01\/Laboratorio-3D-1.jpg"},{"@type":"BreadcrumbList","@id":"https:\/\/udcdentalgroup.com\/es\/extracciones-dentales\/#breadcrumb","itemListElement":[{"@type":"ListItem","position":1,"name":"Home","item":"https:\/\/udcdentalgroup.com\/es\/"},{"@type":"ListItem","position":2,"name":"Extracciones dentales"}]},{"@type":"WebSite","@id":"https:\/\/udcdentalgroup.com\/es\/#website","url":"https:\/\/udcdentalgroup.com\/es\/","name":"UDC Dental Center","description":"San Francisco","potentialAction":[{"@type":"SearchAction","target":{"@type":"EntryPoint","urlTemplate":"https:\/\/udcdentalgroup.com\/es\/?s={search_term_string}"},"query-input":{"@type":"PropertyValueSpecification","valueRequired":true,"valueName":"search_term_string"}}],"inLanguage":"es"}]}},"_links":{"self":[{"href":"https:\/\/udcdentalgroup.com\/es\/wp-json\/wp\/v2\/pages\/1696","targetHints":{"allow":["GET"]}}],"collection":[{"href":"https:\/\/udcdentalgroup.com\/es\/wp-json\/wp\/v2\/pages"}],"about":[{"href":"https:\/\/udcdentalgroup.com\/es\/wp-json\/wp\/v2\/types\/page"}],"author":[{"embeddable":true,"href":"https:\/\/udcdentalgroup.com\/es\/wp-json\/wp\/v2\/users\/1"}],"replies":[{"embeddable":true,"href":"https:\/\/udcdentalgroup.com\/es\/wp-json\/wp\/v2\/comments?post=1696"}],"version-history":[{"count":1,"href":"https:\/\/udcdentalgroup.com\/es\/wp-json\/wp\/v2\/pages\/1696\/revisions"}],"predecessor-version":[{"id":1697,"href":"https:\/\/udcdentalgroup.com\/es\/wp-json\/wp\/v2\/pages\/1696\/revisions\/1697"}],"wp:attachment":[{"href":"https:\/\/udcdentalgroup.com\/es\/wp-json\/wp\/v2\/media?parent=1696"}],"curies":[{"name":"wp","href":"https:\/\/api.w.org\/{rel}","templated":true}]}}