{"id":1688,"date":"2024-10-18T12:38:35","date_gmt":"2024-10-18T12:38:35","guid":{"rendered":"https:\/\/udcdentalgroup.com\/ortodoncia-y-correccion-dental\/"},"modified":"2025-06-12T17:33:53","modified_gmt":"2025-06-12T17:33:53","slug":"ortodoncia-y-correccion-dental","status":"publish","type":"page","link":"https:\/\/udcdentalgroup.com\/es\/ortodoncia-y-correccion-dental\/","title":{"rendered":"Ortodoncia y Correcci\u00f3n Dental"},"content":{"rendered":"\t\t<div data-elementor-type=\"wp-page\" data-elementor-id=\"1688\" class=\"elementor elementor-1688 elementor-272\" data-elementor-post-type=\"page\">\n\t\t\t\t\t\t<section class=\"elementor-section elementor-top-section elementor-element elementor-element-4bc21199 elementor-section-boxed elementor-section-height-default elementor-section-height-default\" data-id=\"4bc21199\" data-element_type=\"section\" data-settings=\"{&quot;background_background&quot;:&quot;classic&quot;}\">\n\t\t\t\t\t\t\t<div class=\"elementor-background-overlay\"><\/div>\n\t\t\t\t\t\t\t<div class=\"elementor-container elementor-column-gap-default\">\n\t\t\t\t\t<div class=\"elementor-column elementor-col-100 elementor-top-column elementor-element elementor-element-4d6802a\" data-id=\"4d6802a\" data-element_type=\"column\">\n\t\t\t<div class=\"elementor-widget-wrap elementor-element-populated\">\n\t\t\t\t\t\t<div class=\"elementor-element elementor-element-79b1795c elementor-widget-tablet__width-initial elementor-widget elementor-widget-heading\" data-id=\"79b1795c\" data-element_type=\"widget\" data-settings=\"{&quot;_animation&quot;:&quot;none&quot;}\" data-widget_type=\"heading.default\">\n\t\t\t\t<div class=\"elementor-widget-container\">\n\t\t\t\t\t<h2 class=\"elementor-heading-title elementor-size-default\">Ortodoncia y Correcci\u00f3n Dental<\/h2>\t\t\t\t<\/div>\n\t\t\t\t<\/div>\n\t\t\t\t<div class=\"elementor-element elementor-element-3fd3ff87 elementor-widget elementor-widget-heading\" data-id=\"3fd3ff87\" data-element_type=\"widget\" data-settings=\"{&quot;_animation&quot;:&quot;none&quot;}\" data-widget_type=\"heading.default\">\n\t\t\t\t<div class=\"elementor-widget-container\">\n\t\t\t\t\t<h2 class=\"elementor-heading-title elementor-size-default\">Soluciones Personalizadas para una Sonrisa Alineada<\/h2>\t\t\t\t<\/div>\n\t\t\t\t<\/div>\n\t\t\t\t\t<\/div>\n\t\t<\/div>\n\t\t\t\t\t<\/div>\n\t\t<\/section>\n\t\t\t\t<section class=\"elementor-section elementor-top-section elementor-element elementor-element-4b2abd9b elementor-section-boxed elementor-section-height-default elementor-section-height-default\" data-id=\"4b2abd9b\" data-element_type=\"section\">\n\t\t\t\t\t\t<div class=\"elementor-container elementor-column-gap-default\">\n\t\t\t\t\t<div class=\"elementor-column elementor-col-50 elementor-top-column elementor-element elementor-element-6e930b6e\" data-id=\"6e930b6e\" data-element_type=\"column\">\n\t\t\t<div class=\"elementor-widget-wrap elementor-element-populated\">\n\t\t\t\t\t\t<div class=\"elementor-element elementor-element-7f7bb743 elementor-widget elementor-widget-text-editor\" data-id=\"7f7bb743\" data-element_type=\"widget\" data-widget_type=\"text-editor.default\">\n\t\t\t\t<div class=\"elementor-widget-container\">\n\t\t\t\t\t\t\t\t\t<p>En UDC Dental Center, ofrecemos tratamientos de ortodoncia personalizados para corregir desalineaciones y mejorar tanto la salud bucal como la est\u00e9tica. Ya sea que elijas brackets tradicionales o Invisalign\u00ae, nuestras soluciones est\u00e1n dise\u00f1adas para adaptarse a tu estilo de vida y brindar resultados \u00f3ptimos. La ortodoncia no solo mejora la apariencia de tu sonrisa, sino que tambi\u00e9n soluciona problemas de mordida, api\u00f1amiento o espacios entre los dientes, lo que contribuye a una mejor salud oral a largo plazo.  <\/p>\t\t\t\t\t\t\t\t<\/div>\n\t\t\t\t<\/div>\n\t\t\t\t<div class=\"elementor-element elementor-element-00a80e1 elementor-widget elementor-widget-heading\" data-id=\"00a80e1\" data-element_type=\"widget\" data-settings=\"{&quot;_animation&quot;:&quot;none&quot;}\" data-widget_type=\"heading.default\">\n\t\t\t\t<div class=\"elementor-widget-container\">\n\t\t\t\t\t<h3 class=\"elementor-heading-title elementor-size-default\">Principales Beneficios del Tratamiento Ortod\u00f3ncico<\/h3>\t\t\t\t<\/div>\n\t\t\t\t<\/div>\n\t\t\t\t<div class=\"elementor-element elementor-element-a3932d4 elementor-widget elementor-widget-text-editor\" data-id=\"a3932d4\" data-element_type=\"widget\" data-widget_type=\"text-editor.default\">\n\t\t\t\t<div class=\"elementor-widget-container\">\n\t\t\t\t\t\t\t\t\t<ul><li><strong>Mejor Salud Bucal:<\/strong> Una alineaci\u00f3n adecuada facilita el cepillado y el uso del hilo dental, reduciendo el riesgo de caries y enfermedades de las enc\u00edas.<\/li><li><strong>Mayor Confianza: <\/strong>Una sonrisa recta y armoniosa mejora la autoestima en entornos sociales y profesionales.<\/li><li><strong>Mejor Funcionalidad:<\/strong> Corrige problemas de mordida, mejorando la masticaci\u00f3n y el habla.<\/li><li><strong>Resultados Duraderos:<\/strong> Las t\u00e9cnicas modernas garantizan resultados eficaces, c\u00f3modos y adaptados a tus necesidades.<\/li><\/ul>\t\t\t\t\t\t\t\t<\/div>\n\t\t\t\t<\/div>\n\t\t\t\t<div class=\"elementor-element elementor-element-13b8cd18 elementor-widget elementor-widget-heading\" data-id=\"13b8cd18\" data-element_type=\"widget\" data-settings=\"{&quot;_animation&quot;:&quot;none&quot;}\" data-widget_type=\"heading.default\">\n\t\t\t\t<div class=\"elementor-widget-container\">\n\t\t\t\t\t<h3 class=\"elementor-heading-title elementor-size-default\">Brackets e Invisalign\u00ae: Soluciones a tu Medida<\/h3>\t\t\t\t<\/div>\n\t\t\t\t<\/div>\n\t\t\t\t<div class=\"elementor-element elementor-element-2fca385b elementor-widget elementor-widget-text-editor\" data-id=\"2fca385b\" data-element_type=\"widget\" data-widget_type=\"text-editor.default\">\n\t\t\t\t<div class=\"elementor-widget-container\">\n\t\t\t\t\t\t\t\t\t<ul><li><strong>Brackets:<\/strong> Ideales para tratar una amplia variedad de problemas de alineaci\u00f3n. Disponibles en versiones met\u00e1licas, cer\u00e1micas o transparentes. <\/li><li><strong>Invisalign\u00ae<\/strong>: Alineadores transparentes, c\u00f3modos y removibles. Una opci\u00f3n discreta y eficaz para quienes buscan est\u00e9tica durante el tratamiento. <\/li><\/ul>\t\t\t\t\t\t\t\t<\/div>\n\t\t\t\t<\/div>\n\t\t\t\t<div class=\"elementor-element elementor-element-7fe2da71 elementor-widget elementor-widget-image\" data-id=\"7fe2da71\" data-element_type=\"widget\" data-widget_type=\"image.default\">\n\t\t\t\t<div class=\"elementor-widget-container\">\n\t\t\t\t\t\t\t\t\t\t\t\t\t\t\t<img fetchpriority=\"high\" decoding=\"async\" width=\"1000\" height=\"500\" src=\"https:\/\/udcdentalgroup.com\/wp-content\/uploads\/2025\/02\/Omar-Ulloa-y-su-nieta-.jpg\" class=\"attachment-full size-full wp-image-1632\" alt=\"\" srcset=\"https:\/\/udcdentalgroup.com\/wp-content\/uploads\/2025\/02\/Omar-Ulloa-y-su-nieta-.jpg 1000w, https:\/\/udcdentalgroup.com\/wp-content\/uploads\/2025\/02\/Omar-Ulloa-y-su-nieta--300x150.jpg 300w, https:\/\/udcdentalgroup.com\/wp-content\/uploads\/2025\/02\/Omar-Ulloa-y-su-nieta--768x384.jpg 768w\" sizes=\"(max-width: 1000px) 100vw, 1000px\" \/>\t\t\t\t\t\t\t\t\t\t\t\t\t\t\t<\/div>\n\t\t\t\t<\/div>\n\t\t\t\t\t<\/div>\n\t\t<\/div>\n\t\t\t\t<div class=\"elementor-column elementor-col-50 elementor-top-column elementor-element elementor-element-2f6d5382 elementor-hidden-tablet elementor-hidden-mobile\" data-id=\"2f6d5382\" data-element_type=\"column\">\n\t\t\t<div class=\"elementor-widget-wrap elementor-element-populated\">\n\t\t\t\t\t\t<section class=\"elementor-section elementor-inner-section elementor-element elementor-element-3b84f28b elementor-section-boxed elementor-section-height-default elementor-section-height-default elementor-invisible\" data-id=\"3b84f28b\" data-element_type=\"section\" data-settings=\"{&quot;animation&quot;:&quot;fadeInDown&quot;}\">\n\t\t\t\t\t\t<div class=\"elementor-container elementor-column-gap-default\">\n\t\t\t\t\t<div class=\"elementor-column elementor-col-100 elementor-inner-column elementor-element elementor-element-2ecbef21\" data-id=\"2ecbef21\" data-element_type=\"column\">\n\t\t\t<div class=\"elementor-widget-wrap elementor-element-populated\">\n\t\t\t\t\t\t<div class=\"elementor-element elementor-element-4c6461c1 elementor-widget elementor-widget-heading\" data-id=\"4c6461c1\" data-element_type=\"widget\" data-settings=\"{&quot;_animation&quot;:&quot;none&quot;}\" data-widget_type=\"heading.default\">\n\t\t\t\t<div class=\"elementor-widget-container\">\n\t\t\t\t\t<h2 class=\"elementor-heading-title elementor-size-default\">Otros servicios<\/h2>\t\t\t\t<\/div>\n\t\t\t\t<\/div>\n\t\t\t\t<div class=\"elementor-element elementor-element-559aeb43 elementor-icon-list--layout-traditional elementor-list-item-link-full_width elementor-widget elementor-widget-icon-list\" data-id=\"559aeb43\" data-element_type=\"widget\" data-widget_type=\"icon-list.default\">\n\t\t\t\t<div class=\"elementor-widget-container\">\n\t\t\t\t\t\t\t<ul class=\"elementor-icon-list-items\">\n\t\t\t\t\t\t\t<li class=\"elementor-icon-list-item\">\n\t\t\t\t\t\t\t\t\t\t\t<a href=\"https:\/\/udcdentalgroup.com\/advanced-dental-technology\/\">\n\n\t\t\t\t\t\t\t\t\t\t\t\t<span class=\"elementor-icon-list-icon\">\n\t\t\t\t\t\t\t<i aria-hidden=\"true\" class=\"mdi mdi-chevron-double-right\"><\/i>\t\t\t\t\t\t<\/span>\n\t\t\t\t\t\t\t\t\t\t<span class=\"elementor-icon-list-text\">Tecnolog\u00eda Dental Avanzada<\/span>\n\t\t\t\t\t\t\t\t\t\t\t<\/a>\n\t\t\t\t\t\t\t\t\t<\/li>\n\t\t\t\t\t\t\t\t<li class=\"elementor-icon-list-item\">\n\t\t\t\t\t\t\t\t\t\t\t<a href=\"https:\/\/udcdentalgroup.com\/preventive-care\/\">\n\n\t\t\t\t\t\t\t\t\t\t\t\t<span class=\"elementor-icon-list-icon\">\n\t\t\t\t\t\t\t<i aria-hidden=\"true\" class=\"mdi mdi-chevron-double-right\"><\/i>\t\t\t\t\t\t<\/span>\n\t\t\t\t\t\t\t\t\t\t<span class=\"elementor-icon-list-text\">Cuidado Preventivo<\/span>\n\t\t\t\t\t\t\t\t\t\t\t<\/a>\n\t\t\t\t\t\t\t\t\t<\/li>\n\t\t\t\t\t\t\t\t<li class=\"elementor-icon-list-item\">\n\t\t\t\t\t\t\t\t\t\t\t<a href=\"https:\/\/udcdentalgroup.com\/dental-implants\/\">\n\n\t\t\t\t\t\t\t\t\t\t\t\t<span class=\"elementor-icon-list-icon\">\n\t\t\t\t\t\t\t<i aria-hidden=\"true\" class=\"mdi mdi-chevron-double-right\"><\/i>\t\t\t\t\t\t<\/span>\n\t\t\t\t\t\t\t\t\t\t<span class=\"elementor-icon-list-text\">Implantes Dentales <\/span>\n\t\t\t\t\t\t\t\t\t\t\t<\/a>\n\t\t\t\t\t\t\t\t\t<\/li>\n\t\t\t\t\t\t\t\t<li class=\"elementor-icon-list-item\">\n\t\t\t\t\t\t\t\t\t\t\t<a href=\"https:\/\/udcdentalgroup.com\/tooth-extractions\/\">\n\n\t\t\t\t\t\t\t\t\t\t\t\t<span class=\"elementor-icon-list-icon\">\n\t\t\t\t\t\t\t<i aria-hidden=\"true\" class=\"mdi mdi-chevron-double-right\"><\/i>\t\t\t\t\t\t<\/span>\n\t\t\t\t\t\t\t\t\t\t<span class=\"elementor-icon-list-text\">Extracciones dentales<\/span>\n\t\t\t\t\t\t\t\t\t\t\t<\/a>\n\t\t\t\t\t\t\t\t\t<\/li>\n\t\t\t\t\t\t\t\t<li class=\"elementor-icon-list-item\">\n\t\t\t\t\t\t\t\t\t\t\t<span class=\"elementor-icon-list-icon\">\n\t\t\t\t\t\t\t<i aria-hidden=\"true\" class=\"mdi mdi-chevron-double-right\"><\/i>\t\t\t\t\t\t<\/span>\n\t\t\t\t\t\t\t\t\t\t<span class=\"elementor-icon-list-text\">Odontolog\u00eda Restaurativa<\/span>\n\t\t\t\t\t\t\t\t\t<\/li>\n\t\t\t\t\t\t\t\t<li class=\"elementor-icon-list-item\">\n\t\t\t\t\t\t\t\t\t\t\t<a href=\"https:\/\/udcdentalgroup.com\/cosmetic-dentistry-and-aesthetics\/\">\n\n\t\t\t\t\t\t\t\t\t\t\t\t<span class=\"elementor-icon-list-icon\">\n\t\t\t\t\t\t\t<i aria-hidden=\"true\" class=\"mdi mdi-chevron-double-right\"><\/i>\t\t\t\t\t\t<\/span>\n\t\t\t\t\t\t\t\t\t\t<span class=\"elementor-icon-list-text\">Odontolog\u00eda cosm\u00e9tica y est\u00e9tica<\/span>\n\t\t\t\t\t\t\t\t\t\t\t<\/a>\n\t\t\t\t\t\t\t\t\t<\/li>\n\t\t\t\t\t\t<\/ul>\n\t\t\t\t\t\t<\/div>\n\t\t\t\t<\/div>\n\t\t\t\t\t<\/div>\n\t\t<\/div>\n\t\t\t\t\t<\/div>\n\t\t<\/section>\n\t\t\t\t<div class=\"elementor-element elementor-element-bf016de elementor-tablet-align-center elementor-align-justify elementor-hidden-tablet elementor-widget elementor-widget-button\" data-id=\"bf016de\" data-element_type=\"widget\" data-widget_type=\"button.default\">\n\t\t\t\t<div class=\"elementor-widget-container\">\n\t\t\t\t\t\t\t\t\t<div class=\"elementor-button-wrapper\">\n\t\t\t\t\t<a class=\"elementor-button elementor-button-link elementor-size-sm\" href=\"https:\/\/udcdentalgroup.com\/es\/contacto\/\">\n\t\t\t\t\t\t<span class=\"elementor-button-content-wrapper\">\n\t\t\t\t\t\t\t\t\t<span class=\"elementor-button-text\">Agendar Visita Hoy<\/span>\n\t\t\t\t\t<\/span>\n\t\t\t\t\t<\/a>\n\t\t\t\t<\/div>\n\t\t\t\t\t\t\t\t<\/div>\n\t\t\t\t<\/div>\n\t\t\t\t<div class=\"elementor-element elementor-element-4e0cec3b elementor-hidden-tablet elementor-widget-divider--view-line elementor-widget elementor-widget-divider\" data-id=\"4e0cec3b\" data-element_type=\"widget\" data-widget_type=\"divider.default\">\n\t\t\t\t<div class=\"elementor-widget-container\">\n\t\t\t\t\t\t\t<div class=\"elementor-divider\">\n\t\t\t<span class=\"elementor-divider-separator\">\n\t\t\t\t\t\t<\/span>\n\t\t<\/div>\n\t\t\t\t\t\t<\/div>\n\t\t\t\t<\/div>\n\t\t\t\t<div class=\"elementor-element elementor-element-172b7109 elementor-position-inline-start elementor-mobile-position-inline-start elementor-view-stacked elementor-shape-square elementor-widget-tablet__width-auto elementor-hidden-tablet elementor-widget elementor-widget-icon-box\" data-id=\"172b7109\" data-element_type=\"widget\" data-widget_type=\"icon-box.default\">\n\t\t\t\t<div class=\"elementor-widget-container\">\n\t\t\t\t\t\t\t<div class=\"elementor-icon-box-wrapper\">\n\n\t\t\t\t\t\t<div class=\"elementor-icon-box-icon\">\n\t\t\t\t<span  class=\"elementor-icon\">\n\t\t\t\t<i aria-hidden=\"true\" class=\"lnr lnr-phone-handset\"><\/i>\t\t\t\t<\/span>\n\t\t\t<\/div>\n\t\t\t\n\t\t\t\t\t\t<div class=\"elementor-icon-box-content\">\n\n\t\t\t\t\t\t\t\t\t<div class=\"elementor-icon-box-title\">\n\t\t\t\t\t\t<span  >\n\t\t\t\t\t\t\tCont\u00e1ctenos\t\t\t\t\t\t<\/span>\n\t\t\t\t\t<\/div>\n\t\t\t\t\n\t\t\t\t\t\t\t\t\t<p class=\"elementor-icon-box-description\">\n\t\t\t\t\t\t+1 415 400 5115\t\t\t\t\t<\/p>\n\t\t\t\t\n\t\t\t<\/div>\n\t\t\t\n\t\t<\/div>\n\t\t\t\t\t\t<\/div>\n\t\t\t\t<\/div>\n\t\t\t\t\t<\/div>\n\t\t<\/div>\n\t\t\t\t\t<\/div>\n\t\t<\/section>\n\t\t\t\t<section class=\"elementor-section elementor-top-section elementor-element elementor-element-3ac762af elementor-section-boxed elementor-section-height-default elementor-section-height-default\" data-id=\"3ac762af\" data-element_type=\"section\" data-settings=\"{&quot;background_background&quot;:&quot;classic&quot;}\">\n\t\t\t\t\t\t\t<div class=\"elementor-background-overlay\"><\/div>\n\t\t\t\t\t\t\t<div class=\"elementor-container elementor-column-gap-no\">\n\t\t\t\t\t<div class=\"elementor-column elementor-col-100 elementor-top-column elementor-element elementor-element-2145802e\" data-id=\"2145802e\" data-element_type=\"column\">\n\t\t\t<div class=\"elementor-widget-wrap elementor-element-populated\">\n\t\t\t\t\t\t<section class=\"elementor-section elementor-inner-section elementor-element elementor-element-4dc4874 elementor-section-boxed elementor-section-height-default elementor-section-height-default\" data-id=\"4dc4874\" data-element_type=\"section\">\n\t\t\t\t\t\t<div class=\"elementor-container elementor-column-gap-default\">\n\t\t\t\t\t<div class=\"elementor-column elementor-col-100 elementor-inner-column elementor-element elementor-element-1bfbe4a4 elementor-invisible\" data-id=\"1bfbe4a4\" data-element_type=\"column\" data-settings=\"{&quot;animation&quot;:&quot;slideInUp&quot;}\">\n\t\t\t<div class=\"elementor-widget-wrap elementor-element-populated\">\n\t\t\t\t\t\t<div class=\"elementor-element elementor-element-7ee44ea0 elementor-widget elementor-widget-heading\" data-id=\"7ee44ea0\" data-element_type=\"widget\" data-widget_type=\"heading.default\">\n\t\t\t\t<div class=\"elementor-widget-container\">\n\t\t\t\t\t<h2 class=\"elementor-heading-title elementor-size-default\">El Cuidado Preventivo es Esencial<\/h2>\t\t\t\t<\/div>\n\t\t\t\t<\/div>\n\t\t\t\t<div class=\"elementor-element elementor-element-255c0602 elementor-widget elementor-widget-heading\" data-id=\"255c0602\" data-element_type=\"widget\" data-widget_type=\"heading.default\">\n\t\t\t\t<div class=\"elementor-widget-container\">\n\t\t\t\t\t<h2 class=\"elementor-heading-title elementor-size-default\">\u00bfPor Qu\u00e9 la Ortodoncia es Importante?<\/h2>\t\t\t\t<\/div>\n\t\t\t\t<\/div>\n\t\t\t\t<div class=\"elementor-element elementor-element-74dc7fdb elementor-widget elementor-widget-text-editor\" data-id=\"74dc7fdb\" data-element_type=\"widget\" data-widget_type=\"text-editor.default\">\n\t\t\t\t<div class=\"elementor-widget-container\">\n\t\t\t\t\t\t\t\t\t<p>La ortodoncia no solo se trata de tener una sonrisa m\u00e1s recta, sino de mejorar tu salud bucal y confianza general. En UDC Dental Center, ofrecemos atenci\u00f3n personalizada con opciones como brackets e Invisalign\u00ae para corregir problemas como mordidas incorrectas, api\u00f1amiento o separaci\u00f3n entre los dientes. Estos tratamientos no solo mejoran tu apariencia, sino que previenen futuros problemas dentales y funcionales.  <\/p>\t\t\t\t\t\t\t\t<\/div>\n\t\t\t\t<\/div>\n\t\t\t\t<div class=\"elementor-element elementor-element-8e72226 elementor-tablet-align-center elementor-align-center elementor-widget elementor-widget-button\" data-id=\"8e72226\" data-element_type=\"widget\" data-widget_type=\"button.default\">\n\t\t\t\t<div class=\"elementor-widget-container\">\n\t\t\t\t\t\t\t\t\t<div class=\"elementor-button-wrapper\">\n\t\t\t\t\t<a class=\"elementor-button elementor-button-link elementor-size-sm\" href=\"https:\/\/udcdentalgroup.com\/es\/contacto\/\">\n\t\t\t\t\t\t<span class=\"elementor-button-content-wrapper\">\n\t\t\t\t\t\t\t\t\t<span class=\"elementor-button-text\">Agendar Visita Hoy<\/span>\n\t\t\t\t\t<\/span>\n\t\t\t\t\t<\/a>\n\t\t\t\t<\/div>\n\t\t\t\t\t\t\t\t<\/div>\n\t\t\t\t<\/div>\n\t\t\t\t\t<\/div>\n\t\t<\/div>\n\t\t\t\t\t<\/div>\n\t\t<\/section>\n\t\t\t\t\t<\/div>\n\t\t<\/div>\n\t\t\t\t\t<\/div>\n\t\t<\/section>\n\t\t\t\t<\/div>\n\t\t","protected":false},"excerpt":{"rendered":"<p>Ortodoncia y Correcci\u00f3n Dental Soluciones Personalizadas para una Sonrisa Alineada En UDC Dental Center, ofrecemos tratamientos de ortodoncia personalizados para corregir desalineaciones y mejorar tanto la salud bucal como la est\u00e9tica. Ya sea que elijas brackets tradicionales o Invisalign\u00ae, nuestras soluciones est\u00e1n dise\u00f1adas para adaptarse a tu estilo de vida y brindar resultados \u00f3ptimos. La [&hellip;]<\/p>\n","protected":false},"author":1,"featured_media":0,"parent":0,"menu_order":0,"comment_status":"closed","ping_status":"closed","template":"elementor_header_footer","meta":{"footnotes":""},"class_list":["post-1688","page","type-page","status-publish","hentry"],"yoast_head":"<!-- This site is optimized with the Yoast SEO plugin v26.7 - https:\/\/yoast.com\/wordpress\/plugins\/seo\/ -->\n<title>Ortodoncia y Correcci\u00f3n Dental - UDC Dental Center<\/title>\n<meta name=\"robots\" content=\"index, follow, max-snippet:-1, max-image-preview:large, max-video-preview:-1\" \/>\n<link rel=\"canonical\" href=\"https:\/\/udcdentalgroup.com\/es\/ortodoncia-y-correccion-dental\/\" \/>\n<meta property=\"og:locale\" content=\"es_ES\" \/>\n<meta property=\"og:type\" content=\"article\" \/>\n<meta property=\"og:title\" content=\"Ortodoncia y Correcci\u00f3n Dental - UDC Dental Center\" \/>\n<meta property=\"og:description\" content=\"Ortodoncia y Correcci\u00f3n Dental Soluciones Personalizadas para una Sonrisa Alineada En UDC Dental Center, ofrecemos tratamientos de ortodoncia personalizados para corregir desalineaciones y mejorar tanto la salud bucal como la est\u00e9tica. Ya sea que elijas brackets tradicionales o Invisalign\u00ae, nuestras soluciones est\u00e1n dise\u00f1adas para adaptarse a tu estilo de vida y brindar resultados \u00f3ptimos. La [&hellip;]\" \/>\n<meta property=\"og:url\" content=\"https:\/\/udcdentalgroup.com\/es\/ortodoncia-y-correccion-dental\/\" \/>\n<meta property=\"og:site_name\" content=\"UDC Dental Center\" \/>\n<meta property=\"article:modified_time\" content=\"2025-06-12T17:33:53+00:00\" \/>\n<meta property=\"og:image\" content=\"https:\/\/udcdentalgroup.com\/wp-content\/uploads\/2025\/02\/Omar-Ulloa-y-su-nieta-.jpg\" \/>\n\t<meta property=\"og:image:width\" content=\"1000\" \/>\n\t<meta property=\"og:image:height\" content=\"500\" \/>\n\t<meta property=\"og:image:type\" content=\"image\/jpeg\" \/>\n<meta name=\"twitter:card\" content=\"summary_large_image\" \/>\n<meta name=\"twitter:label1\" content=\"Tiempo de lectura\" \/>\n\t<meta name=\"twitter:data1\" content=\"2 minutos\" \/>\n<script type=\"application\/ld+json\" class=\"yoast-schema-graph\">{\"@context\":\"https:\/\/schema.org\",\"@graph\":[{\"@type\":\"WebPage\",\"@id\":\"https:\/\/udcdentalgroup.com\/es\/ortodoncia-y-correccion-dental\/\",\"url\":\"https:\/\/udcdentalgroup.com\/es\/ortodoncia-y-correccion-dental\/\",\"name\":\"Ortodoncia y Correcci\u00f3n Dental - UDC Dental Center\",\"isPartOf\":{\"@id\":\"https:\/\/udcdentalgroup.com\/es\/#website\"},\"primaryImageOfPage\":{\"@id\":\"https:\/\/udcdentalgroup.com\/es\/ortodoncia-y-correccion-dental\/#primaryimage\"},\"image\":{\"@id\":\"https:\/\/udcdentalgroup.com\/es\/ortodoncia-y-correccion-dental\/#primaryimage\"},\"thumbnailUrl\":\"https:\/\/udcdentalgroup.com\/wp-content\/uploads\/2025\/02\/Omar-Ulloa-y-su-nieta-.jpg\",\"datePublished\":\"2024-10-18T12:38:35+00:00\",\"dateModified\":\"2025-06-12T17:33:53+00:00\",\"breadcrumb\":{\"@id\":\"https:\/\/udcdentalgroup.com\/es\/ortodoncia-y-correccion-dental\/#breadcrumb\"},\"inLanguage\":\"es\",\"potentialAction\":[{\"@type\":\"ReadAction\",\"target\":[\"https:\/\/udcdentalgroup.com\/es\/ortodoncia-y-correccion-dental\/\"]}]},{\"@type\":\"ImageObject\",\"inLanguage\":\"es\",\"@id\":\"https:\/\/udcdentalgroup.com\/es\/ortodoncia-y-correccion-dental\/#primaryimage\",\"url\":\"https:\/\/udcdentalgroup.com\/wp-content\/uploads\/2025\/02\/Omar-Ulloa-y-su-nieta-.jpg\",\"contentUrl\":\"https:\/\/udcdentalgroup.com\/wp-content\/uploads\/2025\/02\/Omar-Ulloa-y-su-nieta-.jpg\"},{\"@type\":\"BreadcrumbList\",\"@id\":\"https:\/\/udcdentalgroup.com\/es\/ortodoncia-y-correccion-dental\/#breadcrumb\",\"itemListElement\":[{\"@type\":\"ListItem\",\"position\":1,\"name\":\"Home\",\"item\":\"https:\/\/udcdentalgroup.com\/es\/\"},{\"@type\":\"ListItem\",\"position\":2,\"name\":\"Ortodoncia y Correcci\u00f3n Dental\"}]},{\"@type\":\"WebSite\",\"@id\":\"https:\/\/udcdentalgroup.com\/es\/#website\",\"url\":\"https:\/\/udcdentalgroup.com\/es\/\",\"name\":\"UDC Dental Center\",\"description\":\"San Francisco\",\"potentialAction\":[{\"@type\":\"SearchAction\",\"target\":{\"@type\":\"EntryPoint\",\"urlTemplate\":\"https:\/\/udcdentalgroup.com\/es\/?s={search_term_string}\"},\"query-input\":{\"@type\":\"PropertyValueSpecification\",\"valueRequired\":true,\"valueName\":\"search_term_string\"}}],\"inLanguage\":\"es\"}]}<\/script>\n<!-- \/ Yoast SEO plugin. -->","yoast_head_json":{"title":"Ortodoncia y Correcci\u00f3n Dental - UDC Dental Center","robots":{"index":"index","follow":"follow","max-snippet":"max-snippet:-1","max-image-preview":"max-image-preview:large","max-video-preview":"max-video-preview:-1"},"canonical":"https:\/\/udcdentalgroup.com\/es\/ortodoncia-y-correccion-dental\/","og_locale":"es_ES","og_type":"article","og_title":"Ortodoncia y Correcci\u00f3n Dental - UDC Dental Center","og_description":"Ortodoncia y Correcci\u00f3n Dental Soluciones Personalizadas para una Sonrisa Alineada En UDC Dental Center, ofrecemos tratamientos de ortodoncia personalizados para corregir desalineaciones y mejorar tanto la salud bucal como la est\u00e9tica. Ya sea que elijas brackets tradicionales o Invisalign\u00ae, nuestras soluciones est\u00e1n dise\u00f1adas para adaptarse a tu estilo de vida y brindar resultados \u00f3ptimos. La [&hellip;]","og_url":"https:\/\/udcdentalgroup.com\/es\/ortodoncia-y-correccion-dental\/","og_site_name":"UDC Dental Center","article_modified_time":"2025-06-12T17:33:53+00:00","og_image":[{"width":1000,"height":500,"url":"https:\/\/udcdentalgroup.com\/wp-content\/uploads\/2025\/02\/Omar-Ulloa-y-su-nieta-.jpg","type":"image\/jpeg"}],"twitter_card":"summary_large_image","twitter_misc":{"Tiempo de lectura":"2 minutos"},"schema":{"@context":"https:\/\/schema.org","@graph":[{"@type":"WebPage","@id":"https:\/\/udcdentalgroup.com\/es\/ortodoncia-y-correccion-dental\/","url":"https:\/\/udcdentalgroup.com\/es\/ortodoncia-y-correccion-dental\/","name":"Ortodoncia y Correcci\u00f3n Dental - UDC Dental Center","isPartOf":{"@id":"https:\/\/udcdentalgroup.com\/es\/#website"},"primaryImageOfPage":{"@id":"https:\/\/udcdentalgroup.com\/es\/ortodoncia-y-correccion-dental\/#primaryimage"},"image":{"@id":"https:\/\/udcdentalgroup.com\/es\/ortodoncia-y-correccion-dental\/#primaryimage"},"thumbnailUrl":"https:\/\/udcdentalgroup.com\/wp-content\/uploads\/2025\/02\/Omar-Ulloa-y-su-nieta-.jpg","datePublished":"2024-10-18T12:38:35+00:00","dateModified":"2025-06-12T17:33:53+00:00","breadcrumb":{"@id":"https:\/\/udcdentalgroup.com\/es\/ortodoncia-y-correccion-dental\/#breadcrumb"},"inLanguage":"es","potentialAction":[{"@type":"ReadAction","target":["https:\/\/udcdentalgroup.com\/es\/ortodoncia-y-correccion-dental\/"]}]},{"@type":"ImageObject","inLanguage":"es","@id":"https:\/\/udcdentalgroup.com\/es\/ortodoncia-y-correccion-dental\/#primaryimage","url":"https:\/\/udcdentalgroup.com\/wp-content\/uploads\/2025\/02\/Omar-Ulloa-y-su-nieta-.jpg","contentUrl":"https:\/\/udcdentalgroup.com\/wp-content\/uploads\/2025\/02\/Omar-Ulloa-y-su-nieta-.jpg"},{"@type":"BreadcrumbList","@id":"https:\/\/udcdentalgroup.com\/es\/ortodoncia-y-correccion-dental\/#breadcrumb","itemListElement":[{"@type":"ListItem","position":1,"name":"Home","item":"https:\/\/udcdentalgroup.com\/es\/"},{"@type":"ListItem","position":2,"name":"Ortodoncia y Correcci\u00f3n Dental"}]},{"@type":"WebSite","@id":"https:\/\/udcdentalgroup.com\/es\/#website","url":"https:\/\/udcdentalgroup.com\/es\/","name":"UDC Dental Center","description":"San Francisco","potentialAction":[{"@type":"SearchAction","target":{"@type":"EntryPoint","urlTemplate":"https:\/\/udcdentalgroup.com\/es\/?s={search_term_string}"},"query-input":{"@type":"PropertyValueSpecification","valueRequired":true,"valueName":"search_term_string"}}],"inLanguage":"es"}]}},"_links":{"self":[{"href":"https:\/\/udcdentalgroup.com\/es\/wp-json\/wp\/v2\/pages\/1688","targetHints":{"allow":["GET"]}}],"collection":[{"href":"https:\/\/udcdentalgroup.com\/es\/wp-json\/wp\/v2\/pages"}],"about":[{"href":"https:\/\/udcdentalgroup.com\/es\/wp-json\/wp\/v2\/types\/page"}],"author":[{"embeddable":true,"href":"https:\/\/udcdentalgroup.com\/es\/wp-json\/wp\/v2\/users\/1"}],"replies":[{"embeddable":true,"href":"https:\/\/udcdentalgroup.com\/es\/wp-json\/wp\/v2\/comments?post=1688"}],"version-history":[{"count":1,"href":"https:\/\/udcdentalgroup.com\/es\/wp-json\/wp\/v2\/pages\/1688\/revisions"}],"predecessor-version":[{"id":1689,"href":"https:\/\/udcdentalgroup.com\/es\/wp-json\/wp\/v2\/pages\/1688\/revisions\/1689"}],"wp:attachment":[{"href":"https:\/\/udcdentalgroup.com\/es\/wp-json\/wp\/v2\/media?parent=1688"}],"curies":[{"name":"wp","href":"https:\/\/api.w.org\/{rel}","templated":true}]}}